{"id":19003,"date":"2022-02-08T01:28:15","date_gmt":"2022-02-08T01:28:15","guid":{"rendered":"https:\/\/globalstep.com\/termes-conditions\/"},"modified":"2024-04-30T14:51:58","modified_gmt":"2024-04-30T14:51:58","slug":"termes-conditions","status":"publish","type":"page","link":"https:\/\/globalstep.com\/fr-ca\/termes-conditions\/","title":{"rendered":"Termes &amp; Conditions"},"content":{"rendered":"\t\t<div data-elementor-type=\"wp-page\" data-elementor-id=\"19003\" class=\"elementor elementor-19003 elementor-3154\" data-elementor-post-type=\"page\">\n\t\t\t\t\t\t<section data-particle_enable=\"false\" data-particle-mobile-disabled=\"false\" class=\"elementor-section elementor-top-section elementor-element elementor-element-69c9b5ca elementor-section-boxed elementor-section-height-default elementor-section-height-default\" data-id=\"69c9b5ca\" data-element_type=\"section\" data-settings=\"{&quot;jet_parallax_layout_list&quot;:[{&quot;jet_parallax_layout_image&quot;:{&quot;url&quot;:&quot;&quot;,&quot;id&quot;:&quot;&quot;,&quot;size&quot;:&quot;&quot;},&quot;_id&quot;:&quot;2dc2ba9&quot;,&quot;jet_parallax_layout_image_widescreen&quot;:{&quot;url&quot;:&quot;&quot;,&quot;id&quot;:&quot;&quot;,&quot;size&quot;:&quot;&quot;},&quot;jet_parallax_layout_image_laptop&quot;:{&quot;url&quot;:&quot;&quot;,&quot;id&quot;:&quot;&quot;,&quot;size&quot;:&quot;&quot;},&quot;jet_parallax_layout_image_tablet_extra&quot;:{&quot;url&quot;:&quot;&quot;,&quot;id&quot;:&quot;&quot;,&quot;size&quot;:&quot;&quot;},&quot;jet_parallax_layout_image_tablet&quot;:{&quot;url&quot;:&quot;&quot;,&quot;id&quot;:&quot;&quot;,&quot;size&quot;:&quot;&quot;},&quot;jet_parallax_layout_image_mobile_extra&quot;:{&quot;url&quot;:&quot;&quot;,&quot;id&quot;:&quot;&quot;,&quot;size&quot;:&quot;&quot;},&quot;jet_parallax_layout_image_mobile&quot;:{&quot;url&quot;:&quot;&quot;,&quot;id&quot;:&quot;&quot;,&quot;size&quot;:&quot;&quot;},&quot;jet_parallax_layout_speed&quot;:{&quot;unit&quot;:&quot;%&quot;,&quot;size&quot;:50,&quot;sizes&quot;:[]},&quot;jet_parallax_layout_type&quot;:&quot;scroll&quot;,&quot;jet_parallax_layout_direction&quot;:&quot;1&quot;,&quot;jet_parallax_layout_fx_direction&quot;:null,&quot;jet_parallax_layout_z_index&quot;:&quot;&quot;,&quot;jet_parallax_layout_bg_x&quot;:50,&quot;jet_parallax_layout_bg_x_widescreen&quot;:&quot;&quot;,&quot;jet_parallax_layout_bg_x_laptop&quot;:&quot;&quot;,&quot;jet_parallax_layout_bg_x_tablet_extra&quot;:&quot;&quot;,&quot;jet_parallax_layout_bg_x_tablet&quot;:&quot;&quot;,&quot;jet_parallax_layout_bg_x_mobile_extra&quot;:&quot;&quot;,&quot;jet_parallax_layout_bg_x_mobile&quot;:&quot;&quot;,&quot;jet_parallax_layout_bg_y&quot;:50,&quot;jet_parallax_layout_bg_y_widescreen&quot;:&quot;&quot;,&quot;jet_parallax_layout_bg_y_laptop&quot;:&quot;&quot;,&quot;jet_parallax_layout_bg_y_tablet_extra&quot;:&quot;&quot;,&quot;jet_parallax_layout_bg_y_tablet&quot;:&quot;&quot;,&quot;jet_parallax_layout_bg_y_mobile_extra&quot;:&quot;&quot;,&quot;jet_parallax_layout_bg_y_mobile&quot;:&quot;&quot;,&quot;jet_parallax_layout_bg_size&quot;:&quot;auto&quot;,&quot;jet_parallax_layout_bg_size_widescreen&quot;:&quot;&quot;,&quot;jet_parallax_layout_bg_size_laptop&quot;:&quot;&quot;,&quot;jet_parallax_layout_bg_size_tablet_extra&quot;:&quot;&quot;,&quot;jet_parallax_layout_bg_size_tablet&quot;:&quot;&quot;,&quot;jet_parallax_layout_bg_size_mobile_extra&quot;:&quot;&quot;,&quot;jet_parallax_layout_bg_size_mobile&quot;:&quot;&quot;,&quot;jet_parallax_layout_animation_prop&quot;:&quot;transform&quot;,&quot;jet_parallax_layout_on&quot;:[&quot;desktop&quot;,&quot;tablet&quot;]}]}\">\n\t\t\t\t\t\t<div class=\"elementor-container elementor-column-gap-default\">\n\t\t\t\t\t<div class=\"elementor-column elementor-col-100 elementor-top-column elementor-element elementor-element-56471a1d\" data-id=\"56471a1d\" data-element_type=\"column\">\n\t\t\t<div class=\"elementor-widget-wrap elementor-element-populated\">\n\t\t\t\t\t\t<div class=\"elementor-element elementor-element-3a02ec59 elementor-widget elementor-widget-text-editor\" data-id=\"3a02ec59\" data-element_type=\"widget\" data-widget_type=\"text-editor.default\">\n\t\t\t\t<div class=\"elementor-widget-container\">\n\t\t\t\t\t\t\t\t\t<p>TERMES ET CONDITIONS  <\/p>\n<p>L\u2019utilisateur sera r\u00e9put\u00e9 avoir accept\u00e9 et accept\u00e9 les termes et conditions suivants lors de l\u2019utilisation du site Web par les utilisateurs www.globalstep.com.<\/p>\n<p>Le terme GlobalStep signifie GlobalStep LLC. et le terme Utilisateur d\u00e9signe l\u2019utilisateur qui navigue sur le site Web www.globalstep.com.<\/p>\n<p>En utilisant le site, l\u2019utilisateur accepte de suivre et d\u2019\u00eatre li\u00e9 par les termes et conditions suivants et ces termes et conditions peuvent \u00eatre r\u00e9vis\u00e9s ou modifi\u00e9s \u00e0 tout moment par GlobalStep sans aucun pr\u00e9avis \u00e0 l\u2019utilisateur.<\/p>\n<p>www.globalstep.com appartient \u00e0 GlobalStep. Tout le contenu pr\u00e9sent sur ce site est la propri\u00e9t\u00e9 exclusive de GlobalStep, y compris tous les logiciels, textes, images, graphiques, vid\u00e9o et audio utilis\u00e9s sur ce site.<\/p>\n<p>Le nom et le logo GlobalStep sont des marques de commerce qui appartiennent \u00e0 GlobalStep LLC et qui appartiennent \u00e0 elle. Ces marques de commerce ne peuvent \u00eatre utilis\u00e9es de quelque mani\u00e8re que ce soit sans le consentement \u00e9crit pr\u00e9alable de GlobalStep LLC.<\/p>\n<p>Aucun mat\u00e9riel de ce site ne peut \u00eatre copi\u00e9, modifi\u00e9, reproduit, republi\u00e9, t\u00e9l\u00e9charg\u00e9, transmis, affich\u00e9 ou distribu\u00e9 sous quelque forme que ce soit sans l\u2019autorisation \u00e9crite pr\u00e9alable de GlobalStep. Tous les droits qui ne sont pas express\u00e9ment accord\u00e9s dans les pr\u00e9sentes sont r\u00e9serv\u00e9s.<\/p>\n<p>L\u2019utilisation non autoris\u00e9e du mat\u00e9riel apparaissant sur ce site peut violer le droit d\u2019auteur, les marques de commerce et d\u2019autres lois applicables, et pourrait entra\u00eener des sanctions p\u00e9nales ou civiles. GlobalStep peut surveiller l\u2019acc\u00e8s au site.<\/p>\n<p>GlobalStep peut r\u00e9silier l\u2019acc\u00e8s de l\u2019Utilisateur au site \u00e0 tout moment pour quelque raison que ce soit. Les dispositions concernant l\u2019exclusion de garantie, l\u2019exactitude des informations et l\u2019indemnisation survivront \u00e0 une telle r\u00e9siliation.<\/p>\n<p>GlobalStep ne donne aucune garantie, expresse ou implicite, y compris, sans s\u2019y limiter, celles de qualit\u00e9 marchande et d\u2019ad\u00e9quation \u00e0 un usage particulier, en ce qui concerne toute information, donn\u00e9e, d\u00e9claration ou produit mis \u00e0 disposition sur le site.<\/p>\n<p>Le site, et tout le contenu, le mat\u00e9riel, l\u2019information, les logiciels, les produits et les services fournis sur le site, sont fournis \u00ab tels quels \u00bb et \u00ab tels que disponibles \u00bb.<\/p>\n<p>GlobalStep n\u2019assume aucune responsabilit\u00e9 pour tout dommage au syst\u00e8me informatique de l\u2019Utilisateur ou perte de donn\u00e9es r\u00e9sultant du t\u00e9l\u00e9chargement de tout contenu, mat\u00e9riel, information du site.<\/p>\n<p>GlobalStep peut modifier ou interrompre unilat\u00e9ralement tout aspect du site \u00e0 tout moment, y compris son contenu ou ses fonctionnalit\u00e9s.<\/p>\n<p>GlobalStep ne sera pas responsable des dommages de quelque nature que ce soit, y compris, sans s\u2019y limiter, les dommages directs, accessoires ou cons\u00e9cutifs (y compris, mais sans s\u2019y limiter, les dommages pour perte de profits, interruption d\u2019activit\u00e9 et perte de programmes ou d\u2019informations) d\u00e9coulant de l\u2019utilisation ou de l\u2019incapacit\u00e9 d\u2019utiliser le site, ou toute information fournie sur le site, ou pour toute autre raison que ce soit.<\/p>\n<p>L\u2019utilisateur accepte d\u2019indemniser, de d\u00e9fendre et de d\u00e9gager GlobalStep de toute responsabilit\u00e9 contre toutes les pertes, d\u00e9penses, dommages et co\u00fbts, y compris les honoraires d\u2019avocat raisonnables, d\u00e9coulant de ou li\u00e9s \u00e0 toute utilisation abusive par l\u2019utilisateur du contenu et des services fournis sur le site.<\/p>\n<p>L\u2019information contenue dans le site a \u00e9t\u00e9 obtenue de sources jug\u00e9es fiables. GlobalStep d\u00e9cline toute garantie quant \u00e0 l\u2019exactitude, l\u2019exhaustivit\u00e9 ou l\u2019ad\u00e9quation de ces informations.<\/p>\n<p>Le Site fournit des liens vers des sites Web et un acc\u00e8s au contenu, aux produits et aux services de tiers, y compris les utilisateurs, les annonceurs, les soci\u00e9t\u00e9s affili\u00e9es et les sponsors du site. L\u2019utilisateur convient que GlobalStep n\u2019est pas responsable de la disponibilit\u00e9 et du contenu fourni sur les sites Web de tiers. L\u2019utilisateur est pri\u00e9 de parcourir les politiques publi\u00e9es par d\u2019autres sites Web concernant la confidentialit\u00e9 et d\u2019autres sujets avant utilisation. GlobalStep n\u2019est pas responsable du contenu de tiers accessible via le site, y compris les opinions, les conseils, les d\u00e9clarations et les publicit\u00e9s, et l\u2019utilisateur assume tous les risques associ\u00e9s \u00e0 l\u2019utilisation de ce contenu. GlobalStep n\u2019est pas responsable de toute perte ou de tout dommage de quelque sorte que l\u2019Utilisateur pourrait subir en traitant avec un tiers.<\/p>\n<p>GlobalStep ne garantit pas que : (a) le site r\u00e9pondra \u00e0 vos besoins; (b) le site sera disponible sur une base ininterrompue, opportune, s\u00e9curis\u00e9e ou sans erreur; (c) les r\u00e9sultats qui peuvent \u00eatre obtenus de l\u2019utilisation du site ou de tout service offert par le site seront exacts ou fiables.<\/p>\n\t\t\t\t\t\t\t\t<\/div>\n\t\t\t\t<\/div>\n\t\t\t\t\t<\/div>\n\t\t<\/div>\n\t\t\t\t\t<\/div>\n\t\t<\/section>\n\t\t\t\t<\/div>\n\t\t","protected":false},"excerpt":{"rendered":"<p>TERMES ET CONDITIONS L\u2019utilisateur sera r\u00e9put\u00e9 avoir accept\u00e9 et accept\u00e9 les termes et conditions suivants lors de l\u2019utilisation du site Web par les utilisateurs www.globalstep.com. Le terme GlobalStep signifie GlobalStep LLC. et le terme Utilisateur d\u00e9signe l\u2019utilisateur qui navigue sur le site Web www.globalstep.com. En utilisant le site, l\u2019utilisateur accepte de suivre et d\u2019\u00eatre li\u00e9 [&hellip;]<\/p>\n","protected":false},"author":6,"featured_media":0,"parent":0,"menu_order":0,"comment_status":"closed","ping_status":"closed","template":"","meta":{"footnotes":""},"class_list":["post-19003","page","type-page","status-publish","hentry"],"yoast_head":"<!-- This site is optimized with the Yoast SEO plugin v25.7 - https:\/\/yoast.com\/wordpress\/plugins\/seo\/ -->\n<title>Termes &amp; Conditions - GlobalStep<\/title>\n<meta name=\"robots\" content=\"index, follow, max-snippet:-1, max-image-preview:large, max-video-preview:-1\" \/>\n<link rel=\"canonical\" href=\"https:\/\/globalstep.com\/fr-ca\/termes-conditions\/\" \/>\n<meta property=\"og:locale\" content=\"fr_CA\" \/>\n<meta property=\"og:type\" content=\"article\" \/>\n<meta property=\"og:title\" content=\"Termes &amp; Conditions - GlobalStep\" \/>\n<meta property=\"og:description\" content=\"TERMES ET CONDITIONS L\u2019utilisateur sera r\u00e9put\u00e9 avoir accept\u00e9 et accept\u00e9 les termes et conditions suivants lors de l\u2019utilisation du site Web par les utilisateurs www.globalstep.com. Le terme GlobalStep signifie GlobalStep LLC. et le terme Utilisateur d\u00e9signe l\u2019utilisateur qui navigue sur le site Web www.globalstep.com. En utilisant le site, l\u2019utilisateur accepte de suivre et d\u2019\u00eatre li\u00e9 [&hellip;]\" \/>\n<meta property=\"og:url\" content=\"https:\/\/globalstep.com\/fr-ca\/termes-conditions\/\" \/>\n<meta property=\"og:site_name\" content=\"GlobalStep\" \/>\n<meta property=\"article:modified_time\" content=\"2024-04-30T14:51:58+00:00\" \/>\n<meta name=\"twitter:card\" content=\"summary_large_image\" \/>\n<meta name=\"twitter:label1\" content=\"Estimation du temps de lecture\" \/>\n\t<meta name=\"twitter:data1\" content=\"4 minutes\" \/>\n<script type=\"application\/ld+json\" class=\"yoast-schema-graph\">{\"@context\":\"https:\/\/schema.org\",\"@graph\":[{\"@type\":\"WebPage\",\"@id\":\"https:\/\/globalstep.com\/fr-ca\/termes-conditions\/\",\"url\":\"https:\/\/globalstep.com\/fr-ca\/termes-conditions\/\",\"name\":\"Termes &amp; Conditions - GlobalStep\",\"isPartOf\":{\"@id\":\"https:\/\/globalstep.com\/fr-ca\/#website\"},\"datePublished\":\"2022-02-08T01:28:15+00:00\",\"dateModified\":\"2024-04-30T14:51:58+00:00\",\"breadcrumb\":{\"@id\":\"https:\/\/globalstep.com\/fr-ca\/termes-conditions\/#breadcrumb\"},\"inLanguage\":\"fr-CA\",\"potentialAction\":[{\"@type\":\"ReadAction\",\"target\":[\"https:\/\/globalstep.com\/fr-ca\/termes-conditions\/\"]}]},{\"@type\":\"BreadcrumbList\",\"@id\":\"https:\/\/globalstep.com\/fr-ca\/termes-conditions\/#breadcrumb\",\"itemListElement\":[{\"@type\":\"ListItem\",\"position\":1,\"name\":\"Home\",\"item\":\"https:\/\/globalstep.com\/fr-ca\/\"},{\"@type\":\"ListItem\",\"position\":2,\"name\":\"Termes &amp; Conditions\"}]},{\"@type\":\"WebSite\",\"@id\":\"https:\/\/globalstep.com\/fr-ca\/#website\",\"url\":\"https:\/\/globalstep.com\/fr-ca\/\",\"name\":\"GlobalStep\",\"description\":\"\",\"potentialAction\":[{\"@type\":\"SearchAction\",\"target\":{\"@type\":\"EntryPoint\",\"urlTemplate\":\"https:\/\/globalstep.com\/fr-ca\/?s={search_term_string}\"},\"query-input\":{\"@type\":\"PropertyValueSpecification\",\"valueRequired\":true,\"valueName\":\"search_term_string\"}}],\"inLanguage\":\"fr-CA\"}]}<\/script>\n<!-- \/ Yoast SEO plugin. -->","yoast_head_json":{"title":"Termes &amp; Conditions - GlobalStep","robots":{"index":"index","follow":"follow","max-snippet":"max-snippet:-1","max-image-preview":"max-image-preview:large","max-video-preview":"max-video-preview:-1"},"canonical":"https:\/\/globalstep.com\/fr-ca\/termes-conditions\/","og_locale":"fr_CA","og_type":"article","og_title":"Termes &amp; Conditions - GlobalStep","og_description":"TERMES ET CONDITIONS L\u2019utilisateur sera r\u00e9put\u00e9 avoir accept\u00e9 et accept\u00e9 les termes et conditions suivants lors de l\u2019utilisation du site Web par les utilisateurs www.globalstep.com. Le terme GlobalStep signifie GlobalStep LLC. et le terme Utilisateur d\u00e9signe l\u2019utilisateur qui navigue sur le site Web www.globalstep.com. En utilisant le site, l\u2019utilisateur accepte de suivre et d\u2019\u00eatre li\u00e9 [&hellip;]","og_url":"https:\/\/globalstep.com\/fr-ca\/termes-conditions\/","og_site_name":"GlobalStep","article_modified_time":"2024-04-30T14:51:58+00:00","twitter_card":"summary_large_image","twitter_misc":{"Estimation du temps de lecture":"4 minutes"},"schema":{"@context":"https:\/\/schema.org","@graph":[{"@type":"WebPage","@id":"https:\/\/globalstep.com\/fr-ca\/termes-conditions\/","url":"https:\/\/globalstep.com\/fr-ca\/termes-conditions\/","name":"Termes &amp; Conditions - GlobalStep","isPartOf":{"@id":"https:\/\/globalstep.com\/fr-ca\/#website"},"datePublished":"2022-02-08T01:28:15+00:00","dateModified":"2024-04-30T14:51:58+00:00","breadcrumb":{"@id":"https:\/\/globalstep.com\/fr-ca\/termes-conditions\/#breadcrumb"},"inLanguage":"fr-CA","potentialAction":[{"@type":"ReadAction","target":["https:\/\/globalstep.com\/fr-ca\/termes-conditions\/"]}]},{"@type":"BreadcrumbList","@id":"https:\/\/globalstep.com\/fr-ca\/termes-conditions\/#breadcrumb","itemListElement":[{"@type":"ListItem","position":1,"name":"Home","item":"https:\/\/globalstep.com\/fr-ca\/"},{"@type":"ListItem","position":2,"name":"Termes &amp; Conditions"}]},{"@type":"WebSite","@id":"https:\/\/globalstep.com\/fr-ca\/#website","url":"https:\/\/globalstep.com\/fr-ca\/","name":"GlobalStep","description":"","potentialAction":[{"@type":"SearchAction","target":{"@type":"EntryPoint","urlTemplate":"https:\/\/globalstep.com\/fr-ca\/?s={search_term_string}"},"query-input":{"@type":"PropertyValueSpecification","valueRequired":true,"valueName":"search_term_string"}}],"inLanguage":"fr-CA"}]}},"_links":{"self":[{"href":"https:\/\/globalstep.com\/fr-ca\/wp-json\/wp\/v2\/pages\/19003","targetHints":{"allow":["GET"]}}],"collection":[{"href":"https:\/\/globalstep.com\/fr-ca\/wp-json\/wp\/v2\/pages"}],"about":[{"href":"https:\/\/globalstep.com\/fr-ca\/wp-json\/wp\/v2\/types\/page"}],"author":[{"embeddable":true,"href":"https:\/\/globalstep.com\/fr-ca\/wp-json\/wp\/v2\/users\/6"}],"replies":[{"embeddable":true,"href":"https:\/\/globalstep.com\/fr-ca\/wp-json\/wp\/v2\/comments?post=19003"}],"version-history":[{"count":0,"href":"https:\/\/globalstep.com\/fr-ca\/wp-json\/wp\/v2\/pages\/19003\/revisions"}],"wp:attachment":[{"href":"https:\/\/globalstep.com\/fr-ca\/wp-json\/wp\/v2\/media?parent=19003"}],"curies":[{"name":"wp","href":"https:\/\/api.w.org\/{rel}","templated":true}]}}